{"id":12,"date":"2018-03-07T16:55:44","date_gmt":"2018-03-07T16:55:44","guid":{"rendered":"http:\/\/ivwallet.interacvault.com\/hestia-front\/"},"modified":"2018-05-23T19:27:15","modified_gmt":"2018-05-23T19:27:15","slug":"hestia-front","status":"publish","type":"page","link":"https:\/\/mywallet.interacvault.com\/fr\/","title":{"rendered":"Page de garde"},"content":{"rendered":"<h2><strong>Des Produits<\/strong><\/h2>\n<h5>D\u00e9couvrez ce que notre logiciel a \u00e0 offrir<\/h5>\n<p>\t\t\t\t<img data-recalc-dims=\"1\" loading=\"lazy\" decoding=\"async\" src=\"https:\/\/i0.wp.com\/mywallet.interacvault.com\/wp-content\/uploads\/2018\/03\/citizenshipcollection-1.png?resize=150%2C150\" alt=\"citizenshipcollection\" itemprop=\"image\" height=\"150\" width=\"150\" title=\"citizenshipcollection\"  \/><\/p>\n<h5>Documentation D'Identification de la Citoyennet\u00e9 Camerounaise<\/h5>\n<p><strong><\/p>\n<ul>\n<li>Certificat de Naissance<\/li>\n<li>Passports<\/li>\n<li>Certificats de Programme de Voyageur de Confiance<\/li>\n<li>Cartes du Fonds National D'Assurance Sociale\n<ul>\n<li>Dossiers de Pension et R\u00e9mun\u00e9ration<\/li>\n<li>Dossiers D'Invalidit\u00e9 et R\u00e9mun\u00e9ration<\/li>\n<li>Dossiers de Survie et R\u00e9mun\u00e9ration<\/li>\n<\/ul>\n<\/li>\n<\/ul>\n<p><\/strong><br \/>\n    <a href=\"http:\/\/mywallet.interacvault.com\/citizenship-and-travel-ids\/\"><b>Voir les D\u00e9tails \u00bb<\/b><\/a><br \/>\n\t\t\t\t<img data-recalc-dims=\"1\" loading=\"lazy\" decoding=\"async\" src=\"https:\/\/i0.wp.com\/mywallet.interacvault.com\/wp-content\/uploads\/2018\/03\/personal-services-certificates.png?resize=150%2C150\" alt=\"personal services certificates\" itemprop=\"image\" height=\"150\" width=\"150\" title=\"personal services certificates\"  \/><\/p>\n<h5>Cameroun Certificats de Services Personnels<\/h5>\n<p><strong><\/p>\n<ul>\n<li>Permis de Conduire<\/li>\n<li>Assurance qui comprend\n<ul>\n<li>Sant\u00e9<\/li>\n<li>Responsabilit\u00e9<\/li>\n<li>Voiture\n<\/li>\n<\/ul>\n<\/li>\n<\/ul>\n<p><\/strong><br \/>\n    <a href=\"http:\/\/mywallet.interacvault.com\/citizenship-and-travel-ids\/\"><b>Voir les D\u00e9tails \u00bb<\/b><\/a><br \/>\n\t\t\t\t<img data-recalc-dims=\"1\" loading=\"lazy\" decoding=\"async\" src=\"https:\/\/i0.wp.com\/mywallet.interacvault.com\/wp-content\/uploads\/2018\/03\/DPOR-cert-1.png?resize=150%2C150\" alt=\"DPOR cert\" itemprop=\"image\" height=\"150\" width=\"150\" title=\"DPOR cert\"  \/><\/p>\n<h5>Cameroun POR, Sant\u00e9, Education, Licence<\/h5>\n<p><\/p>\n<ul><strong><\/p>\n<li>Applications, renouvellements, formation continue:\n<ul>\n<li>Sant\u00e9<\/li>\n<li>Professionnel<\/li>\n<li>Professionnel<\/li>\n<li>R\u00e9glementaire<\/li>\n<\/ul>\n<\/li>\n<\/ul>\n<p><\/strong><br \/>\n    <a><b>Voir les D\u00e9tails \u00bb<\/b><\/a><br \/>\n\t\t\t\t<img data-recalc-dims=\"1\" loading=\"lazy\" decoding=\"async\" src=\"https:\/\/i0.wp.com\/mywallet.interacvault.com\/wp-content\/uploads\/2018\/03\/Cameroon-icon-wallet.png?resize=150%2C150\" alt=\"Cameroon-icon-wallet\" itemprop=\"image\" height=\"150\" width=\"150\" title=\"Cameroon-icon-wallet\"  \/><\/p>\n<h5>Mon Portefeuille du Cameroun: Centre de Services Financiers<\/h5>\n<p><strong><\/p>\n<ul>\n<li>Budget Familial des M\u00e9nages\n<ul>\n<li>Documentation Requise par le Gouvernement<\/li>\n<li>Taxes<\/li>\n<li>Hypoth\u00e8que\n<ul>\n<li>Danger<\/li>\n<li>Enregistrement des Terres Fiscales<\/li>\n<li>Utilitaire<\/li>\n<\/ul>\n<\/li>\n<li>V\u00e9hicule\n<ul>\n<li>Licence<\/li>\n<li>Mots Cl\u00e9s<\/li>\n<li>Taxes<\/li>\n<li>Assurance<\/li>\n<\/ul>\n<\/li>\n<li>Utilitaires<\/li>\n<li>La Communication<\/li>\n<li>et plus!<\/li>\n<\/ul>\n<\/li>\n<\/ul>\n<p><\/strong><br \/>\n    <a><b>Voir les D\u00e9tails \u00bb<\/b><\/a><br \/>\n\t\t\t\t<img data-recalc-dims=\"1\" loading=\"lazy\" decoding=\"async\" src=\"https:\/\/i0.wp.com\/mywallet.interacvault.com\/wp-content\/uploads\/2018\/03\/quality-of-life.png?resize=150%2C150\" alt=\"quality of life\" itemprop=\"image\" height=\"150\" width=\"150\" title=\"quality of life\"  \/><\/p>\n<h5>Avenir: Qualit\u00e9 de Vie Citoyenne<\/h5>\n<p><strong><\/p>\n<ul>\n<li>La Forme Financi\u00e8re de Mort Fertel<\/li>\n<li>Guidez-vous pour Vous Sentir Bien\n<\/li>\n<\/ul>\n<p><\/strong><br \/>\n    <a><b>Voir les D\u00e9tails \u00bb<\/b><\/a><\/p>","protected":false},"excerpt":{"rendered":"<p>Products See what our software has to offer Cameroon Citizenship Identification Documentation Birth Certificate Passports Trusted Traveler Program Certificates National Social Insurance Fund Cards Pension Records and Pay Disability Records and Pay Survival Records and Pay View Details \u00bb Cameroon Personal Services Certificates Driver\u2019s License Insurance that includes Health Liability<a class=\"moretag\" href=\"https:\/\/mywallet.interacvault.com\/fr\/\"> Lire la suite<\/a><\/p>","protected":false},"author":1,"featured_media":0,"parent":0,"menu_order":0,"comment_status":"closed","ping_status":"closed","template":"","meta":{"nf_dc_page":"","om_disable_all_campaigns":false,"footnotes":""},"class_list":["post-12","page","type-page","status-publish","hentry"],"jetpack_sharing_enabled":true,"_links":{"self":[{"href":"https:\/\/mywallet.interacvault.com\/fr\/wp-json\/wp\/v2\/pages\/12","targetHints":{"allow":["GET"]}}],"collection":[{"href":"https:\/\/mywallet.interacvault.com\/fr\/wp-json\/wp\/v2\/pages"}],"about":[{"href":"https:\/\/mywallet.interacvault.com\/fr\/wp-json\/wp\/v2\/types\/page"}],"author":[{"embeddable":true,"href":"https:\/\/mywallet.interacvault.com\/fr\/wp-json\/wp\/v2\/users\/1"}],"replies":[{"embeddable":true,"href":"https:\/\/mywallet.interacvault.com\/fr\/wp-json\/wp\/v2\/comments?post=12"}],"version-history":[{"count":5,"href":"https:\/\/mywallet.interacvault.com\/fr\/wp-json\/wp\/v2\/pages\/12\/revisions"}],"predecessor-version":[{"id":390,"href":"https:\/\/mywallet.interacvault.com\/fr\/wp-json\/wp\/v2\/pages\/12\/revisions\/390"}],"wp:attachment":[{"href":"https:\/\/mywallet.interacvault.com\/fr\/wp-json\/wp\/v2\/media?parent=12"}],"curies":[{"name":"wp","href":"https:\/\/api.w.org\/{rel}","templated":true}]}}